{"id":27,"date":"2020-03-30T23:48:54","date_gmt":"2020-03-30T21:48:54","guid":{"rendered":"https:\/\/bocarski-savez-vsz.hr\/?page_id=27"},"modified":"2025-05-05T10:31:26","modified_gmt":"2025-05-05T08:31:26","slug":"dokumenti","status":"publish","type":"page","link":"https:\/\/bocarski-savez-vsz.hr\/?page_id=27","title":{"rendered":"Dokumenti"},"content":{"rendered":"<h2>OBRASCI PROPOZICIJE NATJECANJA<\/h2>\n<ul>\n<li><a href=\"https:\/\/drive.google.com\/file\/d\/1k6fRu2FwyxsoQN_HKc5SiHF-N9LT7IX6\/view?usp=share_link\" target=\"_blank\" rel=\"noopener\"><b>Obrazac-Zahtjev za 1. registraciju igra\u010da<\/b><br \/><\/a><\/li>\n<li><a href=\"https:\/\/drive.google.com\/file\/d\/1yZgYAxKaSj3GRti34MSRCTiqBs240MPY\/view?usp=share_link\" target=\"_blank\" rel=\"noopener\"><b>Obrazac-Zahtjev za registraciju igra\u010da\/ice<\/b><br \/><\/a><\/li>\n<li><a href=\"https:\/\/drive.google.com\/file\/d\/1wxPEqIkxzEPTDnTgmP4H5R1V04NifIA1\/view?usp=share_link\" target=\"_blank\" rel=\"noopener\"><b>Obrazac-Zahtjev za registraciju svih igra\u010da\/igra\u010dica sezona 2023.\/2024.<\/b><br \/><\/a><\/li>\n<li><a href=\"https:\/\/drive.google.com\/file\/d\/1s1RFEEf3lVaUh80bdqondu3UOG4hTviS\/view?usp=share_link\" target=\"_blank\" rel=\"noopener\"><b>Obrazac-Zahtjev za produljenje registracije kluba sezona 2023.\/2024.<\/b><br \/><\/a><\/li>\n<li><a href=\"https:\/\/drive.google.com\/file\/d\/1WvjAzimIPrwBXrc_N5AqGZ3mbV6yIL7t\/view?usp=share_link\" target=\"_blank\" rel=\"noopener\"><b>Obrazac-Zahtjev za izdavanje ispisnice<\/b><br \/><\/a><\/li>\n<li><a href=\"https:\/\/drive.google.com\/file\/d\/19m7GRdJDu86MLfH5uU1NHAjuQElAEDP5\/view?usp=share_link\" target=\"_blank\" rel=\"noopener\"><b>Obrazac-Zahtjev za dvojnu registraciju<\/b><br \/><\/a><\/li>\n<li><a href=\"https:\/\/drive.google.com\/file\/d\/1zGgboJ03TwlmEmBGAoAj2RG41o8X6sw9\/view?usp=share_link\" target=\"_blank\" rel=\"noopener\"><b>Obrazac-Zahtjev za izdavanje brisovnice iz \u017dupanijskog saveza<\/b><br \/><\/a><\/li>\n<li><a href=\"https:\/\/drive.google.com\/file\/d\/1QRRYUuRma0JmqrV9b0t3rbyJa7BoDEyZ\/view?usp=share_link\" target=\"_blank\" rel=\"noopener\"><b>Obrazac-Potvrda o igra\u010du bez iskaznice<\/b><br \/><\/a><\/li>\n<li><a href=\"https:\/\/drive.google.com\/file\/d\/1ysz_7nCp4ImbLAV8ZRqt3Pcguf8-sI-W\/view?usp=share_link\" target=\"_blank\" rel=\"noopener\"><b>Obrazac-Lista zamjene igra\u010da-ica<\/b><br \/><\/a><\/li>\n<li><a href=\"https:\/\/drive.google.com\/file\/d\/1pcmwOmyp6JP1adg4l3cX95OAhq9lmA-k\/view?usp=share_link\" target=\"_blank\" rel=\"noopener\"><b>Obrazac-Ispisnica zimski<\/b> <b>prijelazni rok <\/b><br \/><\/a><\/li>\n<li><a href=\"https:\/\/drive.google.com\/file\/d\/17a-kS8619htxUKOXkPzakgiD2uHhQUcw\/view?usp=sharing\" target=\"_blank\" rel=\"noopener\">ZAHTJEV ZA REGISTRACIJU U ZBOR TRENERA HBS-a<br \/><\/a><\/li>\n<li><a href=\"https:\/\/drive.google.com\/file\/d\/1yHm2TiM8N6gfnK-8rthvJCpU0DpneIaj\/view?usp=sharing\" target=\"_blank\" rel=\"noopener\">Propozicije natjecanja 1.\u017dBL sezona 2023.\/2024.<br \/><\/a><\/li>\n<li><a href=\"https:\/\/drive.google.com\/file\/d\/101Et60e5AbiBwuElgAj2g-AxXHYtTkLi\/view?usp=sharing\" target=\"_blank\" rel=\"noopener\">Propozicije natjecanja 2.\u017dBL sezona 2023.\/2024.<br \/><\/a><\/li>\n<li><a href=\"https:\/\/drive.google.com\/file\/d\/1Fihe5atLDDfUYx2dBcdn38LUx4ap1bbZ\/view?usp=sharing\">Propozicije natjecanja 3.\u017dBL sezona 2023.\/2024.<br \/><\/a><\/li>\n<li><a href=\"https:\/\/drive.google.com\/file\/d\/1cfILo3gj8My57sJanwtoNNlw8sp4sUqQ\/view?usp=share_link\" target=\"_blank\" rel=\"noopener\">Pravilnik o dodjeli nagrada BS VS\u017d<br \/><\/a><\/li>\n<li><a href=\"https:\/\/drive.google.com\/file\/d\/16UfIakPvz9jObFaVyyYO0Va7Dk2IGZfu\/view?usp=sharing\" target=\"_blank\" rel=\"noopener\">Me\u0111unarodni tehni\u010dki pravilnik(2012)<br \/><\/a><\/li>\n<li><a href=\"https:\/\/drive.google.com\/file\/d\/1po4Uhh-nva2qzHUDyTvMOUBbBDlo_eX_\/view?usp=sharing\" target=\"_blank\" rel=\"noopener\">Me\u0111unarodni tehni\u010dki pravilnik-stranice za izmjenu 2016<br \/><\/a><\/li>\n<li><a href=\"https:\/\/drive.google.com\/file\/d\/1KyV-1Y1drim_3ja9ze7DHD-5Y0-qbIaV\/view?usp=share_link\" target=\"_blank\" rel=\"noopener\">Obrazac-Prijedlog za nagradu BS VS\u017d<br \/><\/a><\/li>\n<li><a href=\"https:\/\/drive.google.com\/file\/d\/1la820Thr4FKlHh0ShqRHaqjOwIpmfjH3\/view?usp=share_link\" target=\"_blank\" rel=\"noopener\">Pravilnik o radu i organizaciji bo\u0107arskih sudaca-kona\u010dno<br \/><\/a><\/li>\n<li><a href=\"https:\/\/drive.google.com\/file\/d\/1ZbUpVJvGZ-0izd9g0lKmtSLJ0QOX5Ejb\/view?usp=share_link\" target=\"_blank\" rel=\"noopener\">Propozicije o na\u010dinu polaganja suda\u010dkih ispita<br \/><\/a><\/li>\n<li><a href=\"https:\/\/drive.google.com\/file\/d\/1R0e7hGy1-qU4SySUrdHlp_1I-1BkT9wQ\/view?usp=share_link\" target=\"_blank\" rel=\"noopener\">Suda\u010dki priru\u010dnik verzija-Sije\u010danj 2018.<br \/><\/a><\/li>\n<li><a href=\"https:\/\/drive.google.com\/file\/d\/1kJ8RMDSV9DCWlFcyZdefOalIFnWTtQj5\/view?usp=share_link\" target=\"_blank\" rel=\"noopener\">Instrukta\u017ea sudaca 2022. godine<\/a><\/li>\n<li><a href=\"https:\/\/drive.google.com\/file\/d\/1i94VUGxiIJc2UC7VtDDn7gD4mjT3aSb4\/view?usp=sharing\" target=\"_blank\" rel=\"noopener\">Statut BS VS\u017d<\/a><\/li>\n<\/ul>\n\n\n<p><\/p>\n","protected":false},"excerpt":{"rendered":"","protected":false},"author":1,"featured_media":0,"parent":0,"menu_order":4,"comment_status":"closed","ping_status":"closed","template":"","meta":{"footnotes":"","_links_to":"","_links_to_target":""},"class_list":["post-27","page","type-page","status-publish"],"_links":{"self":[{"href":"https:\/\/bocarski-savez-vsz.hr\/index.php?rest_route=\/wp\/v2\/pages\/27","targetHints":{"allow":["GET"]}}],"collection":[{"href":"https:\/\/bocarski-savez-vsz.hr\/index.php?rest_route=\/wp\/v2\/pages"}],"about":[{"href":"https:\/\/bocarski-savez-vsz.hr\/index.php?rest_route=\/wp\/v2\/types\/page"}],"author":[{"embeddable":true,"href":"https:\/\/bocarski-savez-vsz.hr\/index.php?rest_route=\/wp\/v2\/users\/1"}],"replies":[{"embeddable":true,"href":"https:\/\/bocarski-savez-vsz.hr\/index.php?rest_route=%2Fwp%2Fv2%2Fcomments&post=27"}],"version-history":[{"count":203,"href":"https:\/\/bocarski-savez-vsz.hr\/index.php?rest_route=\/wp\/v2\/pages\/27\/revisions"}],"predecessor-version":[{"id":2507,"href":"https:\/\/bocarski-savez-vsz.hr\/index.php?rest_route=\/wp\/v2\/pages\/27\/revisions\/2507"}],"wp:attachment":[{"href":"https:\/\/bocarski-savez-vsz.hr\/index.php?rest_route=%2Fwp%2Fv2%2Fmedia&parent=27"}],"curies":[{"name":"wp","href":"https:\/\/api.w.org\/{rel}","templated":true}]}}