{"id":24,"date":"2020-03-30T23:48:21","date_gmt":"2020-03-30T21:48:21","guid":{"rendered":"https:\/\/bocarski-savez-vsz.hr\/?page_id=24"},"modified":"2025-04-11T13:40:07","modified_gmt":"2025-04-11T11:40:07","slug":"tijela-bsvsz","status":"publish","type":"page","link":"https:\/\/bocarski-savez-vsz.hr\/?page_id=24","title":{"rendered":"Tijela BsVs\u017e"},"content":{"rendered":"<h2><span style=\"color: #ff0000;\"><strong>IZVR\u0160NI ODBOR<\/strong><\/span><\/h2>\n<h2>Igor Banovac-predsjednik<br \/>\nBranko Pranji\u0107-\u010dlan<br \/>\nDamir Sovar-\u010dlan<br \/>\nIvan \u0160karica-\u010dlan<br \/>\nZdenka \u0110uki\u0107-\u010dlan<br \/>\nZdenko Devald-\u010dlan<br \/>\nZdenko Valenti\u0107-\u010dlan<br \/>\nMarko Vukoli\u0107-\u010dlan<br \/>\nRobert Kne\u017eevi\u0107-\u010dlan<br \/>\nAnte Vidosavljevi\u0107-\u010dlan<br \/>\nIvan Mi\u0161evi\u0107-\u010dlan<\/h2>\n<h2><strong><span style=\"color: #ff0000;\">NADZORNI ODBOR<\/span><\/strong><\/h2>\n<h2>\u017deljko Burger-predsjednik<br \/>\nIvica Celjak-\u010dlan<br \/>\nMarija Bu\u0107e-\u010dlan<br \/>\n<b><br \/>\n<\/b><\/h2>\n<h2><span style=\"color: #ff0000;\"><strong>SPORTSKA KOMISIJA<br \/>\n<\/strong><\/span><\/h2>\n<h2>Branko Pranji\u0107-predsjednik<br \/>\nIgor Banovac-\u010dlan<br \/>\nDamir Sovar-\u010dlan<br \/>\nZdenko Valenti\u0107- \u010dlan<br \/>\nIvan \u0160karica- \u010dlan<\/h2>\n<h2><span style=\"color: #ff0000;\"><strong>KOMISIJA ZA AKTE<\/strong><\/span><\/h2>\n<h2>Igor Banovac-predsjednik<br \/>\nAnte Vidosavljevi\u0107-\u010dlan<br \/>\nMarko Vukoli\u0107-\u010dlan<\/h2>\n<h2><strong><span style=\"color: #ff0000;\">KOMISIJA ZA IZBOR NAJBOLJEG IGRA\u010cA I NAJBOLJI KLUB<\/span><\/strong><\/h2>\n<h2>Ivan Mi\u0161evi\u0107-predsjednik<br \/>\nZdenko Devald-\u010dlan<br \/>\nIvan \u0160karica-\u010dlan<\/h2>\n<h2><span style=\"color: #ff0000;\"><strong>KOMISIJA ZA DODJELU NAGRADE ZA \u017dIVOTNO DJELO<\/strong><\/span><\/h2>\n<h2><span style=\"color: #000000;\">Zdenko Valenti\u0107-predsjednik<br \/>\nDamir Sovar-\u010dlan<br \/>\nZdenka \u0110uki\u0107-\u010dlan<\/span><\/h2>\n<h2><strong><span style=\"color: #ff0000;\">KOMISIJA ZA PREGLED BO\u0106ALI\u0160TA<\/span><\/strong><\/h2>\n<h2>Ivan Mi\u0161evi\u0107-predsjednik<br \/>\nStipe Rogi\u0107-\u010dlan<br \/>\nAnte Vidosavljevi\u0107-\u010dlan<\/h2>\n<h2><span style=\"color: #ff0000;\"><strong>ARBITRA\u017dNO VIJE\u0106E<\/strong><\/span><\/h2>\n<h2>\u017deljko Burger-predsjednik<br \/>\nIvan Mi\u0161evi\u0107-\u010dlan<br \/>\nMato Drmanovi\u0107-\u010dlan<\/h2>\n<h2><strong><span style=\"color: #ff0000;\">STRU\u010cNI STO\u017dER \u017dUPANIJSKE REPREZENTACIJE<\/span><\/strong><\/h2>\n<h2>Miljenko Sesar-predsjednik<br \/>\nStjepan Glavurdi\u0107-\u010dlan<br \/>\nBranko Pranji\u0107-\u010dlan<\/h2>\n<h2><span style=\"color: #ff0000;\"><strong>ZBOR SUDACA BS VS\u017d<\/strong><\/span><\/h2>\n<h2>Damir Sovar-predsjednik<br \/>\nIvo Klanac-tajnik<\/h2>\n<h2><strong><span style=\"color: #ff0000;\">POVJERENIK ZA SU\u0110ENJE 1. i 2. \u017dBL BS V-S \u017dUPANIJE<\/span><\/strong><\/h2>\n<h2>Damir Sovar<\/h2>\n<h2><span style=\"color: #ff0000;\"><b>POVJERENIK ZA NATJECANJE 1<\/b><b>.\u017dBL <\/b><\/span><b><span style=\"color: #ff0000;\">BS V-S \u017dUPANIJE<\/span><\/b><\/h2>\n<h2>Branko Pranji\u0107<\/h2>\n<h2><span style=\"color: #ff0000;\"><b>POVJERENIK ZA NATJECANJE 2<\/b><b>.\u017dBL <\/b><\/span><b><span style=\"color: #ff0000;\">BS V-S \u017dUPANIJE<\/span><\/b><\/h2>\n<h2>Zdenka \u0110uki\u0107<\/h2>\n<h2><span style=\"color: #ff0000;\"><b>DISCIPLINSKA KOMISIJA BS VS\u017d<\/b><\/span><\/h2>\n<h2>Igor Banovac-Predsjednik<br \/>\nZdenka \u0110uki\u0107-\u010dlan<br \/>\n\u017deljko Burger-\u010dlan<br \/>\nDamir Sovar-\u010dlan<br \/>\nBranko Pranji\u0107-\u010dlan<\/h2>\n","protected":false},"excerpt":{"rendered":"","protected":false},"author":1,"featured_media":0,"parent":0,"menu_order":3,"comment_status":"closed","ping_status":"closed","template":"","meta":{"footnotes":"","_links_to":"","_links_to_target":""},"class_list":["post-24","page","type-page","status-publish"],"_links":{"self":[{"href":"https:\/\/bocarski-savez-vsz.hr\/index.php?rest_route=\/wp\/v2\/pages\/24","targetHints":{"allow":["GET"]}}],"collection":[{"href":"https:\/\/bocarski-savez-vsz.hr\/index.php?rest_route=\/wp\/v2\/pages"}],"about":[{"href":"https:\/\/bocarski-savez-vsz.hr\/index.php?rest_route=\/wp\/v2\/types\/page"}],"author":[{"embeddable":true,"href":"https:\/\/bocarski-savez-vsz.hr\/index.php?rest_route=\/wp\/v2\/users\/1"}],"replies":[{"embeddable":true,"href":"https:\/\/bocarski-savez-vsz.hr\/index.php?rest_route=%2Fwp%2Fv2%2Fcomments&post=24"}],"version-history":[{"count":65,"href":"https:\/\/bocarski-savez-vsz.hr\/index.php?rest_route=\/wp\/v2\/pages\/24\/revisions"}],"predecessor-version":[{"id":2539,"href":"https:\/\/bocarski-savez-vsz.hr\/index.php?rest_route=\/wp\/v2\/pages\/24\/revisions\/2539"}],"wp:attachment":[{"href":"https:\/\/bocarski-savez-vsz.hr\/index.php?rest_route=%2Fwp%2Fv2%2Fmedia&parent=24"}],"curies":[{"name":"wp","href":"https:\/\/api.w.org\/{rel}","templated":true}]}}